{"id":2,"date":"2020-12-19T06:16:21","date_gmt":"2020-12-19T06:16:21","guid":{"rendered":"https:\/\/downhill.fi\/?page_id=2"},"modified":"2023-05-28T09:46:53","modified_gmt":"2023-05-28T09:46:53","slug":"sample-page","status":"publish","type":"page","link":"https:\/\/www.downhill.fi\/","title":{"rendered":"Etusivu"},"content":{"rendered":"\n<hr class=\"wp-block-separator has-alpha-channel-opacity\"\/>\n\n\n\n<p><br><strong>Alam\u00e4kipy\u00f6r\u00e4ily<\/strong> on yksi maastopy\u00f6r\u00e4ilyn alalajeista. Py\u00f6r\u00e4ilij\u00e4 pyrkii ajamaan m\u00e4\u00e4r\u00e4tarkoitusta varten<br>rakennetun radan l\u00e4hd\u00f6st\u00e4 maaliin mahdollisimman nopeasti. Lajin harrastajien keskuudessa sit\u00e4 kutsutaan<br>nimell\u00e4 DH, joka tulee englannin kielen sanasta downhill, alam\u00e4ki.<br><\/p>\n\n\n\n<p><strong>Alam\u00e4kipy\u00f6r\u00e4ilyyn tarvitaan erityisi\u00e4 varusteita<\/strong>, jotka suojaavat kuskia ja py\u00f6r\u00e4\u00e4.<br>Varusteisiin kuuluvat esimerkiksi:<br><strong>Koko p\u00e4\u00e4n suojaava kyp\u00e4r\u00e4<\/strong>, joka on t\u00e4rkein suojavaruste.<br><strong>Suojalasit<\/strong>, jotka est\u00e4v\u00e4t roskien ja p\u00f6lyn p\u00e4\u00e4syn silmiin.<br><strong>K\u00e4sineet<\/strong>, jotka parantavat otetta ohjaustangosta ja suojaavat k\u00e4si\u00e4 kaatumisissa.<br><strong>Suojapaidat ja -housut<\/strong>, jotka peitt\u00e4v\u00e4t koko vartalon ja sis\u00e4lt\u00e4v\u00e4t pehmusteita ja panssareita kriittisiss\u00e4<br>kohdissa.<\/p>\n\n\n\n<p><strong>Selk\u00e4- ja rintapanssari,<\/strong> <strong>polvi- ja kyyn\u00e4rsuojat<\/strong>, jotka v\u00e4hent\u00e4v\u00e4t iskujen aiheuttamia vammoja.<br><img loading=\"lazy\" decoding=\"async\" width=\"150\" height=\"165\" class=\"wp-image-1066\" style=\"width: 150px;\" src=\"https:\/\/www.downhill.fi\/wp-content\/uploads\/2023\/05\/rintapanssari.jpg\" alt=\"\" srcset=\"https:\/\/www.downhill.fi\/wp-content\/uploads\/2023\/05\/rintapanssari.jpg 577w, https:\/\/www.downhill.fi\/wp-content\/uploads\/2023\/05\/rintapanssari-272x300.jpg 272w\" sizes=\"auto, (max-width: 150px) 100vw, 150px\" \/><img loading=\"lazy\" decoding=\"async\" width=\"150\" height=\"157\" class=\"wp-image-1067\" style=\"width: 150px;\" src=\"https:\/\/www.downhill.fi\/wp-content\/uploads\/2023\/05\/rintapanssariselka.jpg\" alt=\"\" srcset=\"https:\/\/www.downhill.fi\/wp-content\/uploads\/2023\/05\/rintapanssariselka.jpg 652w, https:\/\/www.downhill.fi\/wp-content\/uploads\/2023\/05\/rintapanssariselka-287x300.jpg 287w\" sizes=\"auto, (max-width: 150px) 100vw, 150px\" \/><img loading=\"lazy\" decoding=\"async\" width=\"150\" height=\"178\" class=\"wp-image-1065\" style=\"width: 150px;\" src=\"https:\/\/www.downhill.fi\/wp-content\/uploads\/2023\/05\/panssarisivusta.jpg\" alt=\"\" srcset=\"https:\/\/www.downhill.fi\/wp-content\/uploads\/2023\/05\/panssarisivusta.jpg 304w, https:\/\/www.downhill.fi\/wp-content\/uploads\/2023\/05\/panssarisivusta-253x300.jpg 253w\" sizes=\"auto, (max-width: 150px) 100vw, 150px\" \/><img loading=\"lazy\" decoding=\"async\" width=\"150\" height=\"113\" class=\"wp-image-1069\" style=\"width: 150px;\" src=\"https:\/\/www.downhill.fi\/wp-content\/uploads\/2023\/05\/suojat.jpg\" alt=\"\" srcset=\"https:\/\/www.downhill.fi\/wp-content\/uploads\/2023\/05\/suojat.jpg 532w, https:\/\/www.downhill.fi\/wp-content\/uploads\/2023\/05\/suojat-300x226.jpg 300w\" sizes=\"auto, (max-width: 150px) 100vw, 150px\" \/><br><strong>Keng\u00e4t,<\/strong> jotka ovat tukevat ja pit\u00e4v\u00e4t hyvin polkimilla.<br><strong>Niskatuki<\/strong>,  est\u00e4\u00e4 niskan ven\u00e4ht\u00e4misen ja jakaa iskuvoiman laajemmalle alueelle.<br>Kuten mink\u00e4 tahansa suojavaatteen kohdalla, on t\u00e4rke\u00e4\u00e4, ett\u00e4 niskatuki sopii sek\u00e4 kehoosi ett\u00e4 varusteisiisi. <br><img loading=\"lazy\" decoding=\"async\" width=\"150\" height=\"75\" class=\"wp-image-1062\" style=\"width: 150px;\" src=\"https:\/\/www.downhill.fi\/wp-content\/uploads\/2023\/05\/niskatuki.jpg\" alt=\"\" srcset=\"https:\/\/www.downhill.fi\/wp-content\/uploads\/2023\/05\/niskatuki.jpg 413w, https:\/\/www.downhill.fi\/wp-content\/uploads\/2023\/05\/niskatuki-300x150.jpg 300w\" sizes=\"auto, (max-width: 150px) 100vw, 150px\" \/><br><br>Lis\u00e4ksi tarvitaan tietysti <strong>alam\u00e4kipy\u00f6r\u00e4<\/strong>, joka on t\u00e4ysjousitettu, kest\u00e4v\u00e4 ja kevyt. Alam\u00e4kipy\u00f6r\u00e4n voi vuokrata<br>tai ostaa erikoisliikkeist\u00e4 tai netist\u00e4<br><img loading=\"lazy\" decoding=\"async\" width=\"150\" height=\"112\" class=\"wp-image-1071\" style=\"width: 150px;\" src=\"https:\/\/www.downhill.fi\/wp-content\/uploads\/2023\/05\/pyorat.jpg\" alt=\"\" srcset=\"https:\/\/www.downhill.fi\/wp-content\/uploads\/2023\/05\/pyorat.jpg 1227w, https:\/\/www.downhill.fi\/wp-content\/uploads\/2023\/05\/pyorat-300x223.jpg 300w, https:\/\/www.downhill.fi\/wp-content\/uploads\/2023\/05\/pyorat-1024x762.jpg 1024w, https:\/\/www.downhill.fi\/wp-content\/uploads\/2023\/05\/pyorat-768x571.jpg 768w\" sizes=\"auto, (max-width: 150px) 100vw, 150px\" \/><img loading=\"lazy\" decoding=\"async\" width=\"150\" height=\"112\" class=\"wp-image-1073\" style=\"width: 150px;\" src=\"https:\/\/www.downhill.fi\/wp-content\/uploads\/2023\/05\/pyorat2.jpg\" alt=\"\" srcset=\"https:\/\/www.downhill.fi\/wp-content\/uploads\/2023\/05\/pyorat2.jpg 1235w, https:\/\/www.downhill.fi\/wp-content\/uploads\/2023\/05\/pyorat2-300x224.jpg 300w, https:\/\/www.downhill.fi\/wp-content\/uploads\/2023\/05\/pyorat2-1024x765.jpg 1024w, https:\/\/www.downhill.fi\/wp-content\/uploads\/2023\/05\/pyorat2-768x574.jpg 768w\" sizes=\"auto, (max-width: 150px) 100vw, 150px\" \/><img loading=\"lazy\" decoding=\"async\" width=\"150\" height=\"101\" class=\"wp-image-1074\" style=\"width: 150px;\" src=\"https:\/\/www.downhill.fi\/wp-content\/uploads\/2023\/05\/pyorat3.jpg\" alt=\"\" srcset=\"https:\/\/www.downhill.fi\/wp-content\/uploads\/2023\/05\/pyorat3.jpg 1033w, https:\/\/www.downhill.fi\/wp-content\/uploads\/2023\/05\/pyorat3-300x202.jpg 300w, https:\/\/www.downhill.fi\/wp-content\/uploads\/2023\/05\/pyorat3-1024x691.jpg 1024w, https:\/\/www.downhill.fi\/wp-content\/uploads\/2023\/05\/pyorat3-768x518.jpg 768w\" sizes=\"auto, (max-width: 150px) 100vw, 150px\" \/><img loading=\"lazy\" decoding=\"async\" width=\"150\" height=\"126\" class=\"wp-image-1075\" style=\"width: 150px;\" src=\"https:\/\/www.downhill.fi\/wp-content\/uploads\/2023\/05\/pyorat4.jpg\" alt=\"\" srcset=\"https:\/\/www.downhill.fi\/wp-content\/uploads\/2023\/05\/pyorat4.jpg 1087w, https:\/\/www.downhill.fi\/wp-content\/uploads\/2023\/05\/pyorat4-300x253.jpg 300w, https:\/\/www.downhill.fi\/wp-content\/uploads\/2023\/05\/pyorat4-1024x862.jpg 1024w, https:\/\/www.downhill.fi\/wp-content\/uploads\/2023\/05\/pyorat4-768x646.jpg 768w\" sizes=\"auto, (max-width: 150px) 100vw, 150px\" \/><\/p>\n\n\n\n<p><em>(<strong>Powered by AI -Bing-)<\/strong><\/em><\/p>\n\n\n\n<p><\/p>\n\n\n\n<figure class=\"wp-block-gallery has-nested-images columns-default is-cropped wp-block-gallery-1 is-layout-flex wp-block-gallery-is-layout-flex\">\n<figure class=\"wp-block-image size-large\"><img loading=\"lazy\" decoding=\"async\" width=\"828\" height=\"611\" data-id=\"439\" src=\"https:\/\/www.downhill.fi\/wp-content\/uploads\/2021\/04\/IMG_E0960.jpg\" alt=\"\" class=\"wp-image-439\" srcset=\"https:\/\/www.downhill.fi\/wp-content\/uploads\/2021\/04\/IMG_E0960.jpg 828w, https:\/\/www.downhill.fi\/wp-content\/uploads\/2021\/04\/IMG_E0960-600x443.jpg 600w, https:\/\/www.downhill.fi\/wp-content\/uploads\/2021\/04\/IMG_E0960-300x221.jpg 300w, https:\/\/www.downhill.fi\/wp-content\/uploads\/2021\/04\/IMG_E0960-768x567.jpg 768w\" sizes=\"auto, (max-width: 828px) 100vw, 828px\" \/><figcaption class=\"wp-element-caption\">Tornikeskus<\/figcaption><\/figure>\n\n\n\n<figure class=\"wp-block-image size-large\"><img loading=\"lazy\" decoding=\"async\" width=\"828\" height=\"598\" data-id=\"440\" src=\"https:\/\/www.downhill.fi\/wp-content\/uploads\/2021\/04\/IMG_E0961.jpg\" alt=\"\" class=\"wp-image-440\" srcset=\"https:\/\/www.downhill.fi\/wp-content\/uploads\/2021\/04\/IMG_E0961.jpg 828w, https:\/\/www.downhill.fi\/wp-content\/uploads\/2021\/04\/IMG_E0961-600x433.jpg 600w, https:\/\/www.downhill.fi\/wp-content\/uploads\/2021\/04\/IMG_E0961-300x217.jpg 300w, https:\/\/www.downhill.fi\/wp-content\/uploads\/2021\/04\/IMG_E0961-768x555.jpg 768w\" sizes=\"auto, (max-width: 828px) 100vw, 828px\" \/><figcaption class=\"wp-element-caption\">Tornikeskus<\/figcaption><\/figure>\n\n\n\n<figure class=\"wp-block-image size-large\"><img loading=\"lazy\" decoding=\"async\" width=\"828\" height=\"604\" data-id=\"441\" src=\"https:\/\/www.downhill.fi\/wp-content\/uploads\/2021\/04\/IMG_E0962.jpg\" alt=\"\" class=\"wp-image-441\" srcset=\"https:\/\/www.downhill.fi\/wp-content\/uploads\/2021\/04\/IMG_E0962.jpg 828w, https:\/\/www.downhill.fi\/wp-content\/uploads\/2021\/04\/IMG_E0962-600x438.jpg 600w, https:\/\/www.downhill.fi\/wp-content\/uploads\/2021\/04\/IMG_E0962-300x219.jpg 300w, https:\/\/www.downhill.fi\/wp-content\/uploads\/2021\/04\/IMG_E0962-768x560.jpg 768w\" sizes=\"auto, (max-width: 828px) 100vw, 828px\" \/><\/figure>\n\n\n\n<figure class=\"wp-block-image size-large\"><img loading=\"lazy\" decoding=\"async\" width=\"828\" height=\"605\" data-id=\"442\" src=\"https:\/\/www.downhill.fi\/wp-content\/uploads\/2021\/04\/IMG_E0963.jpg\" alt=\"\" class=\"wp-image-442\" srcset=\"https:\/\/www.downhill.fi\/wp-content\/uploads\/2021\/04\/IMG_E0963.jpg 828w, https:\/\/www.downhill.fi\/wp-content\/uploads\/2021\/04\/IMG_E0963-600x438.jpg 600w, https:\/\/www.downhill.fi\/wp-content\/uploads\/2021\/04\/IMG_E0963-300x219.jpg 300w, https:\/\/www.downhill.fi\/wp-content\/uploads\/2021\/04\/IMG_E0963-768x561.jpg 768w\" sizes=\"auto, (max-width: 828px) 100vw, 828px\" \/><figcaption class=\"wp-element-caption\">Tornikeskus<\/figcaption><\/figure>\n\n\n\n<figure class=\"wp-block-image size-large\"><img loading=\"lazy\" decoding=\"async\" width=\"828\" height=\"592\" data-id=\"443\" src=\"https:\/\/www.downhill.fi\/wp-content\/uploads\/2021\/04\/IMG_E0964.jpg\" alt=\"\" class=\"wp-image-443\" srcset=\"https:\/\/www.downhill.fi\/wp-content\/uploads\/2021\/04\/IMG_E0964.jpg 828w, https:\/\/www.downhill.fi\/wp-content\/uploads\/2021\/04\/IMG_E0964-600x429.jpg 600w, https:\/\/www.downhill.fi\/wp-content\/uploads\/2021\/04\/IMG_E0964-300x214.jpg 300w, https:\/\/www.downhill.fi\/wp-content\/uploads\/2021\/04\/IMG_E0964-768x549.jpg 768w\" sizes=\"auto, (max-width: 828px) 100vw, 828px\" \/><\/figure>\n<\/figure>\n\n\n\n<figure class=\"wp-block-image size-full\"><img loading=\"lazy\" decoding=\"async\" width=\"613\" height=\"466\" src=\"https:\/\/www.downhill.fi\/wp-content\/uploads\/2023\/02\/sappee.jpg\" alt=\"\" class=\"wp-image-953\" srcset=\"https:\/\/www.downhill.fi\/wp-content\/uploads\/2023\/02\/sappee.jpg 613w, https:\/\/www.downhill.fi\/wp-content\/uploads\/2023\/02\/sappee-300x228.jpg 300w\" sizes=\"auto, (max-width: 613px) 100vw, 613px\" \/><figcaption class=\"wp-element-caption\">Sappee<\/figcaption><\/figure>\n\n\n\n<hr class=\"wp-block-separator has-css-opacity\"\/>\n\n\n\n<figure class=\"wp-block-gallery has-nested-images columns-default is-cropped wp-block-gallery-2 is-layout-flex wp-block-gallery-is-layout-flex\"><\/figure>\n\n\n\n<hr class=\"wp-block-separator has-alpha-channel-opacity\"\/>\n\n\n\n<figure class=\"wp-block-gallery has-nested-images columns-default is-cropped wp-block-gallery-3 is-layout-flex wp-block-gallery-is-layout-flex\">\n<figure class=\"wp-block-image size-large\"><img loading=\"lazy\" decoding=\"async\" width=\"877\" height=\"843\" data-id=\"58\" src=\"https:\/\/www.downhill.fi\/wp-content\/uploads\/2020\/12\/talma1.jpg\" alt=\"\" class=\"wp-image-58\" srcset=\"https:\/\/www.downhill.fi\/wp-content\/uploads\/2020\/12\/talma1.jpg 877w, https:\/\/www.downhill.fi\/wp-content\/uploads\/2020\/12\/talma1-600x577.jpg 600w, https:\/\/www.downhill.fi\/wp-content\/uploads\/2020\/12\/talma1-300x288.jpg 300w, https:\/\/www.downhill.fi\/wp-content\/uploads\/2020\/12\/talma1-768x738.jpg 768w\" sizes=\"auto, (max-width: 877px) 100vw, 877px\" \/><figcaption class=\"wp-element-caption\">Talma bikepark<\/figcaption><\/figure>\n\n\n\n<figure class=\"wp-block-image size-large\"><img loading=\"lazy\" decoding=\"async\" width=\"1024\" height=\"768\" data-id=\"59\" src=\"https:\/\/www.downhill.fi\/wp-content\/uploads\/2020\/12\/kalpis3-1-1024x768.jpg\" alt=\"\" class=\"wp-image-59\" srcset=\"https:\/\/www.downhill.fi\/wp-content\/uploads\/2020\/12\/kalpis3-1-1024x768.jpg 1024w, https:\/\/www.downhill.fi\/wp-content\/uploads\/2020\/12\/kalpis3-1-600x450.jpg 600w, https:\/\/www.downhill.fi\/wp-content\/uploads\/2020\/12\/kalpis3-1-300x225.jpg 300w, https:\/\/www.downhill.fi\/wp-content\/uploads\/2020\/12\/kalpis3-1-768x576.jpg 768w, https:\/\/www.downhill.fi\/wp-content\/uploads\/2020\/12\/kalpis3-1.jpg 1251w\" sizes=\"auto, (max-width: 1024px) 100vw, 1024px\" \/><figcaption class=\"wp-element-caption\">Kalpalinna<\/figcaption><\/figure>\n\n\n\n<figure class=\"wp-block-image size-large\"><img loading=\"lazy\" decoding=\"async\" width=\"1024\" height=\"768\" data-id=\"60\" src=\"https:\/\/www.downhill.fi\/wp-content\/uploads\/2020\/12\/tornari1-1024x768.jpg\" alt=\"\" class=\"wp-image-60\" srcset=\"https:\/\/www.downhill.fi\/wp-content\/uploads\/2020\/12\/tornari1-1024x768.jpg 1024w, https:\/\/www.downhill.fi\/wp-content\/uploads\/2020\/12\/tornari1-600x450.jpg 600w, https:\/\/www.downhill.fi\/wp-content\/uploads\/2020\/12\/tornari1-300x225.jpg 300w, https:\/\/www.downhill.fi\/wp-content\/uploads\/2020\/12\/tornari1-768x576.jpg 768w, https:\/\/www.downhill.fi\/wp-content\/uploads\/2020\/12\/tornari1.jpg 1251w\" sizes=\"auto, (max-width: 1024px) 100vw, 1024px\" \/><figcaption class=\"wp-element-caption\">Tornikeskus<\/figcaption><\/figure>\n\n\n\n<figure class=\"wp-block-image size-large\"><img loading=\"lazy\" decoding=\"async\" width=\"871\" height=\"563\" data-id=\"63\" src=\"https:\/\/www.downhill.fi\/wp-content\/uploads\/2020\/12\/dunemond.jpg\" alt=\"\" class=\"wp-image-63\" srcset=\"https:\/\/www.downhill.fi\/wp-content\/uploads\/2020\/12\/dunemond.jpg 871w, https:\/\/www.downhill.fi\/wp-content\/uploads\/2020\/12\/dunemond-600x388.jpg 600w, https:\/\/www.downhill.fi\/wp-content\/uploads\/2020\/12\/dunemond-300x194.jpg 300w, https:\/\/www.downhill.fi\/wp-content\/uploads\/2020\/12\/dunemond-768x496.jpg 768w\" sizes=\"auto, (max-width: 871px) 100vw, 871px\" \/><figcaption class=\"wp-element-caption\">Kokonniemi<\/figcaption><\/figure>\n<\/figure>\n\n\n\n<figure class=\"wp-block-embed is-type-video is-provider-youtube wp-block-embed-youtube wp-embed-aspect-16-9 wp-has-aspect-ratio\"><div class=\"wp-block-embed__wrapper\">\n<div class=\"nv-iframe-embed\"><iframe loading=\"lazy\" title=\"Season2018\" width=\"1200\" height=\"675\" src=\"https:\/\/www.youtube.com\/embed\/qniPsYhZJcw?feature=oembed\" frameborder=\"0\" allow=\"accelerometer; autoplay; clipboard-write; encrypted-media; gyroscope; picture-in-picture\" allowfullscreen><\/iframe><\/div>\n<\/div><figcaption class=\"wp-element-caption\">Kausi 2018<\/figcaption><\/figure>\n\n\n\n<hr class=\"wp-block-separator has-css-opacity\"\/>\n\n\n\n<p><\/p>\n\n\n\n<figure class=\"wp-block-embed is-type-video is-provider-youtube wp-block-embed-youtube wp-embed-aspect-16-9 wp-has-aspect-ratio\"><div class=\"wp-block-embed__wrapper\">\n<div class=\"nv-iframe-embed\"><iframe loading=\"lazy\" title=\"Season2019\" width=\"1200\" height=\"675\" src=\"https:\/\/www.youtube.com\/embed\/9U-gFwsNQQk?feature=oembed\" frameborder=\"0\" allow=\"accelerometer; autoplay; clipboard-write; encrypted-media; gyroscope; picture-in-picture\" allowfullscreen><\/iframe><\/div>\n<\/div><figcaption class=\"wp-element-caption\">Kausi 2019<\/figcaption><\/figure>\n\n\n\n<hr class=\"wp-block-separator has-css-opacity\"\/>\n\n\n\n<p><\/p>\n\n\n\n<figure class=\"wp-block-embed is-type-video is-provider-youtube wp-block-embed-youtube wp-embed-aspect-16-9 wp-has-aspect-ratio\"><div class=\"wp-block-embed__wrapper\">\n<div class=\"nv-iframe-embed\"><iframe loading=\"lazy\" title=\"Season2020\" width=\"1200\" height=\"675\" src=\"https:\/\/www.youtube.com\/embed\/DaNGCKwncVU?feature=oembed\" frameborder=\"0\" allow=\"accelerometer; autoplay; clipboard-write; encrypted-media; gyroscope; picture-in-picture\" allowfullscreen><\/iframe><\/div>\n<\/div><figcaption class=\"wp-element-caption\">Kausi 2021<\/figcaption><\/figure>\n\n\n\n<div class=\"wp-block-group\"><div class=\"wp-block-group__inner-container is-layout-flow wp-block-group-is-layout-flow\">\n<div class=\"wp-block-columns is-layout-flex wp-container-core-columns-is-layout-9d6595d7 wp-block-columns-is-layout-flex\">\n<div class=\"wp-block-column is-layout-flow wp-block-column-is-layout-flow\">\n<ul class=\"wp-block-list\">\n<li><\/li>\n<\/ul>\n\n\n\n<p style=\"font-size:18px\"><\/p>\n<\/div>\n\n\n\n<div class=\"wp-block-column is-layout-flow wp-block-column-is-layout-flow\">\n<p style=\"font-size:18px\"><\/p>\n<\/div>\n<\/div>\n<\/div><\/div>\n\n\n\n<p><\/p>\n\n\n\n<div class=\"wp-block-buttons is-layout-flex wp-block-buttons-is-layout-flex\"><\/div>\n","protected":false},"excerpt":{"rendered":"<p>Alam\u00e4kipy\u00f6r\u00e4ily on yksi maastopy\u00f6r\u00e4ilyn alalajeista. Py\u00f6r\u00e4ilij\u00e4 pyrkii ajamaan m\u00e4\u00e4r\u00e4tarkoitusta vartenrakennetun radan l\u00e4hd\u00f6st\u00e4 maaliin mahdollisimman nopeasti. Lajin harrastajien keskuudessa sit\u00e4 kutsutaannimell\u00e4 DH, joka tulee englannin kielen sanasta downhill, alam\u00e4ki. Alam\u00e4kipy\u00f6r\u00e4ilyyn tarvitaan erityisi\u00e4 varusteita, jotka suojaavat kuskia ja py\u00f6r\u00e4\u00e4.Varusteisiin kuuluvat esimerkiksi:Koko p\u00e4\u00e4n suojaava kyp\u00e4r\u00e4, joka on t\u00e4rkein suojavaruste.Suojalasit, jotka est\u00e4v\u00e4t roskien ja p\u00f6lyn p\u00e4\u00e4syn silmiin.K\u00e4sineet, jotka parantavat&hellip;&nbsp;<\/p>\n","protected":false},"author":1,"featured_media":0,"parent":0,"menu_order":0,"comment_status":"closed","ping_status":"closed","template":"","meta":{"neve_meta_sidebar":"","neve_meta_container":"","neve_meta_enable_content_width":"","neve_meta_content_width":0,"neve_meta_title_alignment":"","neve_meta_author_avatar":"","neve_post_elements_order":"","neve_meta_disable_header":"","neve_meta_disable_footer":"","neve_meta_disable_title":"","footnotes":""},"class_list":["post-2","page","type-page","status-publish","hentry"],"_links":{"self":[{"href":"https:\/\/www.downhill.fi\/index.php\/wp-json\/wp\/v2\/pages\/2","targetHints":{"allow":["GET"]}}],"collection":[{"href":"https:\/\/www.downhill.fi\/index.php\/wp-json\/wp\/v2\/pages"}],"about":[{"href":"https:\/\/www.downhill.fi\/index.php\/wp-json\/wp\/v2\/types\/page"}],"author":[{"embeddable":true,"href":"https:\/\/www.downhill.fi\/index.php\/wp-json\/wp\/v2\/users\/1"}],"replies":[{"embeddable":true,"href":"https:\/\/www.downhill.fi\/index.php\/wp-json\/wp\/v2\/comments?post=2"}],"version-history":[{"count":40,"href":"https:\/\/www.downhill.fi\/index.php\/wp-json\/wp\/v2\/pages\/2\/revisions"}],"predecessor-version":[{"id":1081,"href":"https:\/\/www.downhill.fi\/index.php\/wp-json\/wp\/v2\/pages\/2\/revisions\/1081"}],"wp:attachment":[{"href":"https:\/\/www.downhill.fi\/index.php\/wp-json\/wp\/v2\/media?parent=2"}],"curies":[{"name":"wp","href":"https:\/\/api.w.org\/{rel}","templated":true}]}}