{"id":1560,"date":"2025-01-26T07:54:28","date_gmt":"2025-01-26T07:54:28","guid":{"rendered":"https:\/\/www.downhill.fi\/?page_id=1560"},"modified":"2025-02-12T08:28:52","modified_gmt":"2025-02-12T08:28:52","slug":"blaster","status":"publish","type":"page","link":"https:\/\/www.downhill.fi\/index.php\/blaster\/","title":{"rendered":"Blaster"},"content":{"rendered":"<div class=\"passster-form\" id=\"ps-199\">\n    <form class=\"password-form\" method=\"post\" autocomplete=\"off\" target=\"_top\">\n        <span class=\"ps-form-headline\">Suojattu sis\u00e4lt\u00f6<\/span>\n        <div class=\"ps-form-instructions-wrap\">T\u00e4m\u00e4 sis\u00e4lt\u00f6 on suojattu salasanalla. Anna salasana n\u00e4hd\u00e4ksesi sis\u00e4ll\u00f6n.<\/div>\n        <fieldset>\n            <span class=\"ps-loader\" style=\"display:none;\"><img decoding=\"async\" src=\"https:\/\/www.downhill.fi\/wp-content\/plugins\/content-protector\/assets\/public\/ps-loader.svg\" alt=\"\" \/><\/span>\n            <label for=\"input-ps-199\" style=\"display:none;\" class=\"passster-hidden\">Enter your password<\/label>\n            <input placeholder=\"Enter your password..\" type=\"password\" tabindex=\"1\" name=\"passster_password\"\n                   id=\"input-ps-199\" class=\"passster-password\" autocomplete=\"off\"\n                   data-protection-type=\"password\" data-list=\"[PASSSTER_LIST]\" data-lists=\"[PASSSTER_LISTS]\" data-area=\"[PASSSTER_AREA]\"\n                   data-protection=\"full\">\n            \n            <button name=\"submit\" type=\"submit\" class=\"passster-submit\" data-psid=\"ps-199\" data-post-id=\"1560\" data-term-id=\"0\" \n                    data-submit=\"...Checking Password\" data-redirect=\"\">Unlock\n            <\/button>\n            <div class=\"passster-error\"><\/div>\n        <\/fieldset>\n    <\/form>\n<\/div>\n","protected":false},"excerpt":{"rendered":"<div class=\"passster-form\" id=\"ps-199\">\n<form class=\"password-form\" method=\"post\" autocomplete=\"off\" target=\"_top\">\n        <span class=\"ps-form-headline\">Suojattu sis\u00e4lt\u00f6<\/span><\/p>\n<div class=\"ps-form-instructions-wrap\">T\u00e4m\u00e4 sis\u00e4lt\u00f6 on suojattu salasanalla. Anna salasana n\u00e4hd\u00e4ksesi sis\u00e4ll\u00f6n.<\/div>\n<fieldset>\n            <span class=\"ps-loader\" style=\"display:none;\"><img decoding=\"async\" src=\"https:\/\/www.downhill.fi\/wp-content\/plugins\/content-protector\/assets\/public\/ps-loader.svg\" alt=\"\" \/><\/span><br \/>\n            <label for=\"input-ps-199\" style=\"display:none;\" class=\"passster-hidden\">Enter your password<\/label><br \/>\n            <input placeholder=\"Enter your password..\" type=\"password\" tabindex=\"1\" name=\"passster_password\"\n                   id=\"input-ps-199\" class=\"passster-password\" autocomplete=\"off\"\n                   data-protection-type=\"password\" data-list=\"[PASSSTER_LIST]\" data-lists=\"[PASSSTER_LISTS]\" data-area=\"[PASSSTER_AREA]\"\n                   data-protection=\"full\"><\/p>\n<p>            <button name=\"submit\" type=\"submit\" class=\"passster-submit\" data-psid=\"ps-199\" data-post-id=\"1560\" data-term-id=\"0\" \n                    data-submit=\"...Checking Password\" data-redirect=\"\">Unlock<br \/>\n            <\/button><\/p>\n<div class=\"passster-error\"><\/div>\n<\/fieldset><\/form>\n<\/div>\n","protected":false},"author":1,"featured_media":0,"parent":0,"menu_order":0,"comment_status":"closed","ping_status":"closed","template":"","meta":{"neve_meta_sidebar":"","neve_meta_container":"","neve_meta_enable_content_width":"","neve_meta_content_width":0,"neve_meta_title_alignment":"","neve_meta_author_avatar":"","neve_post_elements_order":"","neve_meta_disable_header":"","neve_meta_disable_footer":"","neve_meta_disable_title":"","footnotes":""},"class_list":["post-1560","page","type-page","status-publish","hentry"],"_links":{"self":[{"href":"https:\/\/www.downhill.fi\/index.php\/wp-json\/wp\/v2\/pages\/1560","targetHints":{"allow":["GET"]}}],"collection":[{"href":"https:\/\/www.downhill.fi\/index.php\/wp-json\/wp\/v2\/pages"}],"about":[{"href":"https:\/\/www.downhill.fi\/index.php\/wp-json\/wp\/v2\/types\/page"}],"author":[{"embeddable":true,"href":"https:\/\/www.downhill.fi\/index.php\/wp-json\/wp\/v2\/users\/1"}],"replies":[{"embeddable":true,"href":"https:\/\/www.downhill.fi\/index.php\/wp-json\/wp\/v2\/comments?post=1560"}],"version-history":[{"count":1,"href":"https:\/\/www.downhill.fi\/index.php\/wp-json\/wp\/v2\/pages\/1560\/revisions"}],"predecessor-version":[{"id":1563,"href":"https:\/\/www.downhill.fi\/index.php\/wp-json\/wp\/v2\/pages\/1560\/revisions\/1563"}],"wp:attachment":[{"href":"https:\/\/www.downhill.fi\/index.php\/wp-json\/wp\/v2\/media?parent=1560"}],"curies":[{"name":"wp","href":"https:\/\/api.w.org\/{rel}","templated":true}]}}